{"id":3,"date":"2023-11-27T17:03:09","date_gmt":"2023-11-27T16:03:09","guid":{"rendered":"http:\/\/www.imperobeauty.it\/it\/?page_id=3"},"modified":"2024-04-15T17:50:42","modified_gmt":"2024-04-15T15:50:42","slug":"privacy-policy","status":"publish","type":"page","link":"https:\/\/www.imperobeauty.it\/it\/privacy-policy\/","title":{"rendered":"Informativa sul trattamento dei dati personali"},"content":{"rendered":"\n<p>Impero Cosmetics &amp; food supplements di R.C., Strada Liveri, 12, 10087 Valperga (TO), P.Iva 12953630014 (in seguito, \u201cTitolare\u201d), in qualit\u00e0 di titolare del trattamento, La informa ai sensi dell\u2019art. 13 D.Lgs. 30.6.2003 n. 196 (in seguito, \u201cCodice Privacy\u201d) e dell\u2019art. 13 Regolamento UE n. 2016\/679 (in seguito, \u201cGDPR\u201d) che i Suoi dati saranno trattati con le modalit\u00e0 e per le finalit\u00e0 seguenti:<\/p>\n\n\n\n<h2 class=\"wp-block-heading\">1. Oggetto del trattamento<\/h2>\n\n\n\n<p>Il Titolare tratta i dati personali, identificativi (ad esempio, nome, cognome, ragione sociale, indirizzo, telefono, e-mail, riferimenti bancari e di pagamento \u2013 in seguito, \u201cdati personali\u201d o anche \u201cdati\u201d) da Lei comunicati in occasione della conclusione di contratti per i servizi del Titolare.<\/p>\n\n\n\n<h2 class=\"wp-block-heading\">2. Finalit\u00e0 del trattamento<\/h2>\n\n\n\n<p>I Suoi dati personali sono trattati senza il Suo consenso espresso (art. 24 lett. a), b), c) Codice Privacy e art. 6 lett. b), e) GDPR), per le seguenti Finalit\u00e0 di Servizio: <\/p>\n\n\n\n<ul class=\"wp-block-list\">\n<li>concludere i contratti per i servizi del Titolare;<\/li>\n\n\n\n<li>adempiere agli obblighi precontrattuali, contrattuali e fiscali derivanti da rapporti con Lei in<br>essere;<\/li>\n\n\n\n<li>adempiere agli obblighi previsti dalla legge, da un regolamento, dalla normativa comunitaria o da un ordine dell\u2019Autorit\u00e0 (come ad esempio in materia di antiriciclaggio);<\/li>\n\n\n\n<li>esercitare i diritti del Titolare, ad esempio il diritto di difesa in giudizio.<\/li>\n<\/ul>\n\n\n\n<h2 class=\"wp-block-heading\">3. Modalit\u00e0 di trattamento<\/h2>\n\n\n\n<p>Il trattamento dei Suoi dati personali \u00e8 realizzato per mezzo delle operazioni indicate all\u2019art. 4 Codice Privacy e all\u2019art. 4 n. 2) GDPR e precisamente: raccolta, registrazione, organizzazione, conservazione, consultazione, elaborazione, modificazione, selezione, estrazione, raffronto, utilizzo, interconnessione, blocco, comunicazione, cancellazione e distruzione dei dati. I Suoi dati personali sono sottoposti a trattamento sia cartaceo che elettronico e\/o automatizzato. Il Titolare tratter\u00e0 i dati personali per il tempo necessario per adempiere alle finalit\u00e0 di cui sopra e comunque per non oltre 10 anni dalla cessazione del rapporto per le Finalit\u00e0 di Servizio.<\/p>\n\n\n\n<h2 class=\"wp-block-heading\">4. Accesso ai dati<\/h2>\n\n\n\n<p>I Suoi dati potranno essere resi accessibili per le finalit\u00e0 di cui all\u2019art. 2:<\/p>\n\n\n\n<ul class=\"wp-block-list\">\n<li>a dipendenti e collaboratori del Titolare, nella loro qualit\u00e0 di incaricati e\/o responsabili interni del trattamento e\/o amministratori di sistema;<\/li>\n\n\n\n<li>a societ\u00e0 terze o altri soggetti (a titolo indicativo, istituti di credito, studi professionali, consulenti, societ\u00e0 di assicurazione per la prestazione di servizi assicurativi, etc.) che svolgono attivit\u00e0 in outsourcing per conto del Titolare, nella loro qualit\u00e0 di responsabili esterni del trattamento.<\/li>\n<\/ul>\n\n\n\n<h2 class=\"wp-block-heading\">5. Comunicazione dei dati<\/h2>\n\n\n\n<p>Senza la necessit\u00e0 di un espresso consenso (ex art. 24 lett. a), b), d) Codice Privacy e art. 6 lett. b) e c) GDPR), il Titolare potr\u00e0 comunicare i Suoi dati per le finalit\u00e0 di cui all\u2019art. 2 a Organismi di vigilanza (quali IVASS), Autorit\u00e0 giudiziarie, a societ\u00e0 di assicurazione per la prestazione di servizi assicurativi, nonch\u00e9 a quei soggetti ai quali la comunicazione sia obbligatoria per legge per l\u2019espletamento delle finalit\u00e0 dette. Detti soggetti tratteranno i dati nella loro qualit\u00e0 di autonomi titolari del trattamento.<br>I Suoi dati non saranno diffusi.<\/p>\n\n\n\n<h2 class=\"wp-block-heading\">6. Sicurezza<\/h2>\n\n\n\n<p>I dati vengono custoditi e controllati mediante adozione di idonee misure preventive di sicurezza, volte a ridurre al minimo i rischi di perdita e distruzione, di accesso non autorizzato, di trattamento non consentito e difforme dalle finalit\u00e0 per cui il trattamento viene effettuato.<\/p>\n\n\n\n<h2 class=\"wp-block-heading\">7. Trasferimento dati<\/h2>\n\n\n\n<p>La gestione e la conservazione dei dati personali avverr\u00e0 nel territorio dell\u2019Unione Europea.<\/p>\n\n\n\n<h2 class=\"wp-block-heading\">8. Diritti dell\u2019interessato<\/h2>\n\n\n\n<p>Nella Sua qualit\u00e0 di interessato, ha il diritto di cui all\u2019art. 15 GDPR e precisamente i diritti di:<\/p>\n\n\n\n<ul class=\"wp-block-list\">\n<li>i. ottenere la conferma dell\u2019esistenza o meno di dati personali che La riguardano, anche se non ancora registrati, e la loro comunicazione in forma intelligibile;<\/li>\n\n\n\n<li>ii. ottenere l\u2019indicazione: a) dell\u2019origine dei dati personali; b) delle finalit\u00e0 e modalit\u00e0 del trattamento; c) della logica applicata in caso di trattamento effettuato con l\u2019ausilio di strumenti elettronici; d) degli estremi identificativi del titolare, dei responsabili e del rappresentante designato ai sensi dell\u2019art. 5, comma 2 Codice Privacy e art. 3, comma 1, GDPR; e) dei soggetti o delle categorie di soggetti ai quali i dati personali possono essere comunicati o che possono venirne a<br>conoscenza in qualit\u00e0 di rappresentante designato nel territorio dello Stato, di responsabili o incaricati;<\/li>\n\n\n\n<li>iii. ottenere: a) l\u2019aggiornamento, la rettifica ovvero l\u2019integrazione dei dati; b) la cancellazione, la trasformazione in forma anonima o il blocco dei dati trattati in violazione di legge, compresi quelli di cui non \u00e8 necessaria la conservazione in relazione agli scopi per i quali i dati sono stati raccolti o successivamente trattati; c) l\u2019attestazione che le operazioni di cui alle lettere a) e b) sono state portate a conoscenza, anche per quanto riguarda il loro contenuto, di coloro ai quali i dati sono stati comunicati o diffusi, eccettuato il caso in cui tale adempimento si rivela impossibile o comporta un impiego di mezzi manifestamente sproporzionato rispetto al diritto tutelato;<\/li>\n\n\n\n<li>iv. opporsi, in tutto o in parte per motivi legittimi al trattamento dei dati personali che La riguardano, ancorch\u00e9 pertinenti allo scopo della raccolta.<\/li>\n<\/ul>\n\n\n\n<p>Ove applicabili, Lei ha altres\u00ec i diritti di cui agli artt. 16-21 GDPR (Diritto di rettifica, diritto all\u2019oblio, diritto di limitazione di trattamento, diritto alla portabilit\u00e0 dei dati, diritto di opposizione), nonch\u00e9 il diritto di reclamo all\u2019Autorit\u00e0 Garante.<\/p>\n\n\n\n<h2 class=\"wp-block-heading\">9. Modalit\u00e0 di esercizio dei diritti<\/h2>\n\n\n\n<p>Potr\u00e0 in qualsiasi momento esercitare i diritti inviando una comunicazione:<\/p>\n\n\n\n<ul class=\"wp-block-list\">\n<li>via e-mail, all\u2019indirizzo: <a href=\"mailto:info@imperobeauty.it\">info@imperobeauty.it<\/a><\/li>\n<\/ul>\n\n\n\n<h2 class=\"wp-block-heading\">10. Titolare, responsabile e incaricati<\/h2>\n\n\n\n<p>Il Titolare del trattamento \u00e8 <strong>Impero Cosmetics &amp; food supplements<\/strong> L\u2019elenco aggiornato dei responsabili e degli incaricati al trattamento \u00e8 custodito ed \u00e8 consultabile presso la sede del Titolare del trattamento. Per avere ulteriori informazioni in ordine ai suoi diritti sulla privacy La invitiamo a visitare il sito web dell\u2019Autorit\u00e0 Garante per la protezione dei dati personali all\u2019indirizzo <a href=\"https:\/\/www.garanteprivacy.it\" target=\"_blank\" rel=\"noreferrer noopener\">www.garanteprivacy.it<\/a><br><\/p>\n\n\n\n<p>Impero Cosmetics &amp; food supplements<br><a href=\"http:\/\/+393423670643\">tel. 3423670643<\/a><br><a href=\"mailto:info@imperobeauty.it\">info@imperobeauty.it<\/a><\/p>\n","protected":false},"excerpt":{"rendered":"<p>Impero Cosmetics &amp; food supplements di R.C., Strada Liveri, 12, 10087 Valperga (TO), P.Iva 12953630014 (in seguito, \u201cTitolare\u201d), in qualit\u00e0 di titolare del trattamento, La informa ai sensi dell\u2019art. 13 D.Lgs. 30.6.2003 n. 196 (in seguito, \u201cCodice Privacy\u201d) e dell\u2019art. 13 Regolamento UE n. 2016\/679 (in seguito, \u201cGDPR\u201d) che i Suoi dati saranno trattati con&#8230;<\/p>\n","protected":false},"author":2,"featured_media":0,"parent":0,"menu_order":0,"comment_status":"closed","ping_status":"open","template":"","meta":{"_kad_post_transparent":"","_kad_post_title":"show","_kad_post_layout":"","_kad_post_sidebar_id":"","_kad_post_content_style":"","_kad_post_vertical_padding":"","_kad_post_feature":"hide","_kad_post_feature_position":"","_kad_post_header":false,"_kad_post_footer":false,"_kad_post_classname":"","footnotes":""},"class_list":["post-3","page","type-page","status-publish","hentry"],"_links":{"self":[{"href":"https:\/\/www.imperobeauty.it\/it\/wp-json\/wp\/v2\/pages\/3","targetHints":{"allow":["GET"]}}],"collection":[{"href":"https:\/\/www.imperobeauty.it\/it\/wp-json\/wp\/v2\/pages"}],"about":[{"href":"https:\/\/www.imperobeauty.it\/it\/wp-json\/wp\/v2\/types\/page"}],"author":[{"embeddable":true,"href":"https:\/\/www.imperobeauty.it\/it\/wp-json\/wp\/v2\/users\/2"}],"replies":[{"embeddable":true,"href":"https:\/\/www.imperobeauty.it\/it\/wp-json\/wp\/v2\/comments?post=3"}],"version-history":[{"count":3,"href":"https:\/\/www.imperobeauty.it\/it\/wp-json\/wp\/v2\/pages\/3\/revisions"}],"predecessor-version":[{"id":215,"href":"https:\/\/www.imperobeauty.it\/it\/wp-json\/wp\/v2\/pages\/3\/revisions\/215"}],"wp:attachment":[{"href":"https:\/\/www.imperobeauty.it\/it\/wp-json\/wp\/v2\/media?parent=3"}],"curies":[{"name":"wp","href":"https:\/\/api.w.org\/{rel}","templated":true}]}}