{"id":35,"date":"2024-01-30T15:20:54","date_gmt":"2024-01-30T14:20:54","guid":{"rendered":"http:\/\/www.imperobeauty.it\/it\/?page_id=35"},"modified":"2024-04-23T10:34:28","modified_gmt":"2024-04-23T08:34:28","slug":"home","status":"publish","type":"page","link":"https:\/\/www.imperobeauty.it\/it\/","title":{"rendered":"HOME"},"content":{"rendered":"\n<div class=\"wp-block-group alignfull has-text-color has-background has-link-color wp-elements-2315f15fffd78b3bc449a29081eee379\" style=\"color:#d1b279;background-color:#364b42\"><div class=\"wp-block-group__inner-container is-layout-constrained wp-block-group-is-layout-constrained\"><div class=\"wp-block-image\">\n<figure class=\"aligncenter size-large\"><img loading=\"lazy\" decoding=\"async\" width=\"1024\" height=\"650\" src=\"https:\/\/www.imperobeauty.it\/it\/wp-content\/uploads\/2024\/02\/logo-home-1024x650.jpg\" alt=\"\" class=\"wp-image-98\" srcset=\"https:\/\/www.imperobeauty.it\/it\/wp-content\/uploads\/2024\/02\/logo-home-1024x650.jpg 1024w, https:\/\/www.imperobeauty.it\/it\/wp-content\/uploads\/2024\/02\/logo-home-300x190.jpg 300w, https:\/\/www.imperobeauty.it\/it\/wp-content\/uploads\/2024\/02\/logo-home-768x487.jpg 768w, https:\/\/www.imperobeauty.it\/it\/wp-content\/uploads\/2024\/02\/logo-home-1536x974.jpg 1536w, https:\/\/www.imperobeauty.it\/it\/wp-content\/uploads\/2024\/02\/logo-home-2048x1299.jpg 2048w, https:\/\/www.imperobeauty.it\/it\/wp-content\/uploads\/2024\/02\/logo-home-1320x837.jpg 1320w, https:\/\/www.imperobeauty.it\/it\/wp-content\/uploads\/2024\/02\/logo-home-600x381.jpg 600w\" sizes=\"auto, (max-width: 1024px) 100vw, 1024px\" \/><\/figure>\n<\/div><\/div><\/div>\n\n\n\n<p>Dall\u2019intenzione di valorizzare salute e bellezza e dal desiderio di unire i doni della natura alla saggezza di popoli antichi nasce Impero, un\u2019azienda che si pone ogni giorno l\u2019obbiettivo di creare prodotti per la cura e il benessere della persona con formulazioni essenziali cos\u00ec da promuovere la funzionalit\u00e0 e la naturalit\u00e0 degli attivi. Dalla volont\u00e0 di Impero di affidarsi a tutto ci\u00f2 che la natura offre in sinergia con le attuali conoscenze e innovazioni nascono prodotti unici e di elevata qualit\u00e0 che ci accompagnano durante i nostri rituali di benessere.<\/p>\n\n\n\n<div class=\"wp-block-media-text is-stacked-on-mobile\" style=\"grid-template-columns:15% auto\"><figure class=\"wp-block-media-text__media\"><img loading=\"lazy\" decoding=\"async\" width=\"1000\" height=\"881\" src=\"https:\/\/www.imperobeauty.it\/it\/wp-content\/uploads\/2024\/04\/mission.jpg\" alt=\"\" class=\"wp-image-320 size-full\" srcset=\"https:\/\/www.imperobeauty.it\/it\/wp-content\/uploads\/2024\/04\/mission.jpg 1000w, https:\/\/www.imperobeauty.it\/it\/wp-content\/uploads\/2024\/04\/mission-300x264.jpg 300w, https:\/\/www.imperobeauty.it\/it\/wp-content\/uploads\/2024\/04\/mission-768x677.jpg 768w, https:\/\/www.imperobeauty.it\/it\/wp-content\/uploads\/2024\/04\/mission-600x529.jpg 600w\" sizes=\"auto, (max-width: 1000px) 100vw, 1000px\" \/><\/figure><div class=\"wp-block-media-text__content\">\n<p><strong>Mission aziendale<\/strong>: Impero si pone come obbiettivo quello di offrire prodotti di elevata qualit\u00e0 costituiti da ingredienti selezionati e funzionali. Oltre ad una sezione dedicata alla profumeria e ai prodotti per la cura della casa, Impero concretizza la sua proposta nell\u2019associazione di cosmetici funzionali con integratori alimentari in ottica di valorizzazione di salute e bellezza.<\/p>\n<\/div><\/div>\n\n\n\n<div class=\"wp-block-media-text is-stacked-on-mobile\" style=\"grid-template-columns:15% auto\"><figure class=\"wp-block-media-text__media\"><img loading=\"lazy\" decoding=\"async\" width=\"1000\" height=\"907\" src=\"https:\/\/www.imperobeauty.it\/it\/wp-content\/uploads\/2024\/04\/sostenibilita.jpg\" alt=\"\" class=\"wp-image-319 size-full\" srcset=\"https:\/\/www.imperobeauty.it\/it\/wp-content\/uploads\/2024\/04\/sostenibilita.jpg 1000w, https:\/\/www.imperobeauty.it\/it\/wp-content\/uploads\/2024\/04\/sostenibilita-300x272.jpg 300w, https:\/\/www.imperobeauty.it\/it\/wp-content\/uploads\/2024\/04\/sostenibilita-768x697.jpg 768w, https:\/\/www.imperobeauty.it\/it\/wp-content\/uploads\/2024\/04\/sostenibilita-600x544.jpg 600w\" sizes=\"auto, (max-width: 1000px) 100vw, 1000px\" \/><\/figure><div class=\"wp-block-media-text__content\">\n<p><strong>Sostenibilit\u00e0<\/strong>: Nel rispetto delle persone e dell\u2019ambiente, Impero ha scelto di utilizzare solo materie prime certificate e di utilizzare un packaging il pi\u00f9 possibile a basso impatto per l\u2019ambiente senza rinunciare ad una conservazione di qualit\u00e0 del prodotto.<\/p>\n<\/div><\/div>\n\n\n\n<div class=\"wp-block-media-text is-stacked-on-mobile\" style=\"grid-template-columns:15% auto\"><figure class=\"wp-block-media-text__media\"><img loading=\"lazy\" decoding=\"async\" width=\"1000\" height=\"819\" src=\"https:\/\/www.imperobeauty.it\/it\/wp-content\/uploads\/2024\/04\/flessibilita.jpg\" alt=\"\" class=\"wp-image-321 size-full\" srcset=\"https:\/\/www.imperobeauty.it\/it\/wp-content\/uploads\/2024\/04\/flessibilita.jpg 1000w, https:\/\/www.imperobeauty.it\/it\/wp-content\/uploads\/2024\/04\/flessibilita-300x246.jpg 300w, https:\/\/www.imperobeauty.it\/it\/wp-content\/uploads\/2024\/04\/flessibilita-768x629.jpg 768w, https:\/\/www.imperobeauty.it\/it\/wp-content\/uploads\/2024\/04\/flessibilita-600x491.jpg 600w\" sizes=\"auto, (max-width: 1000px) 100vw, 1000px\" \/><\/figure><div class=\"wp-block-media-text__content\">\n<p><strong>Flessibilit\u00e0<\/strong>, efficienza ed innovazione: Impero si impegna ogni giorno a focalizzare la propria attenzione sulle richieste reali provenienti dal mercato e da una societ\u00e0 in continuo cambiamento cosi da poter soddisfare un\u2019ampia fascia di esigenze con prodotti affidabili e di qualit\u00e0.<\/p>\n<\/div><\/div>\n","protected":false},"excerpt":{"rendered":"<p>Dall\u2019intenzione di valorizzare salute e bellezza e dal desiderio di unire i doni della natura alla saggezza di popoli antichi nasce Impero, un\u2019azienda che si pone ogni giorno l\u2019obbiettivo di creare prodotti per la cura e il benessere della persona con formulazioni essenziali cos\u00ec da promuovere la funzionalit\u00e0 e la naturalit\u00e0 degli attivi. Dalla volont\u00e0&#8230;<\/p>\n","protected":false},"author":1,"featured_media":0,"parent":0,"menu_order":0,"comment_status":"closed","ping_status":"closed","template":"","meta":{"_kad_post_transparent":"","_kad_post_title":"","_kad_post_layout":"fullwidth","_kad_post_sidebar_id":"","_kad_post_content_style":"","_kad_post_vertical_padding":"","_kad_post_feature":"","_kad_post_feature_position":"","_kad_post_header":false,"_kad_post_footer":false,"_kad_post_classname":"","footnotes":""},"class_list":["post-35","page","type-page","status-publish","hentry"],"_links":{"self":[{"href":"https:\/\/www.imperobeauty.it\/it\/wp-json\/wp\/v2\/pages\/35","targetHints":{"allow":["GET"]}}],"collection":[{"href":"https:\/\/www.imperobeauty.it\/it\/wp-json\/wp\/v2\/pages"}],"about":[{"href":"https:\/\/www.imperobeauty.it\/it\/wp-json\/wp\/v2\/types\/page"}],"author":[{"embeddable":true,"href":"https:\/\/www.imperobeauty.it\/it\/wp-json\/wp\/v2\/users\/1"}],"replies":[{"embeddable":true,"href":"https:\/\/www.imperobeauty.it\/it\/wp-json\/wp\/v2\/comments?post=35"}],"version-history":[{"count":20,"href":"https:\/\/www.imperobeauty.it\/it\/wp-json\/wp\/v2\/pages\/35\/revisions"}],"predecessor-version":[{"id":325,"href":"https:\/\/www.imperobeauty.it\/it\/wp-json\/wp\/v2\/pages\/35\/revisions\/325"}],"wp:attachment":[{"href":"https:\/\/www.imperobeauty.it\/it\/wp-json\/wp\/v2\/media?parent=35"}],"curies":[{"name":"wp","href":"https:\/\/api.w.org\/{rel}","templated":true}]}}