{"id":61,"date":"2024-01-30T16:34:17","date_gmt":"2024-01-30T15:34:17","guid":{"rendered":"http:\/\/www.imperobeauty.it\/it\/?page_id=61"},"modified":"2025-06-30T12:40:00","modified_gmt":"2025-06-30T10:40:00","slug":"newsletter","status":"publish","type":"page","link":"https:\/\/www.imperobeauty.it\/it\/newsletter\/","title":{"rendered":"Newsletter"},"content":{"rendered":"\n<figure class=\"wp-block-image size-large is-resized\"><img loading=\"lazy\" decoding=\"async\" width=\"576\" height=\"1024\" src=\"https:\/\/www.imperobeauty.it\/it\/wp-content\/uploads\/2025\/06\/saldi-estivi-576x1024.jpg\" alt=\"\" class=\"wp-image-570\" style=\"width:913px;height:auto\" srcset=\"https:\/\/www.imperobeauty.it\/it\/wp-content\/uploads\/2025\/06\/saldi-estivi-576x1024.jpg 576w, https:\/\/www.imperobeauty.it\/it\/wp-content\/uploads\/2025\/06\/saldi-estivi-169x300.jpg 169w, https:\/\/www.imperobeauty.it\/it\/wp-content\/uploads\/2025\/06\/saldi-estivi-768x1365.jpg 768w, https:\/\/www.imperobeauty.it\/it\/wp-content\/uploads\/2025\/06\/saldi-estivi-864x1536.jpg 864w, https:\/\/www.imperobeauty.it\/it\/wp-content\/uploads\/2025\/06\/saldi-estivi-600x1067.jpg 600w, https:\/\/www.imperobeauty.it\/it\/wp-content\/uploads\/2025\/06\/saldi-estivi.jpg 1080w\" sizes=\"auto, (max-width: 576px) 100vw, 576px\" \/><\/figure>\n\n\n\n<figure class=\"wp-block-image size-large is-resized\"><img loading=\"lazy\" decoding=\"async\" width=\"1024\" height=\"1024\" src=\"https:\/\/www.imperobeauty.it\/it\/wp-content\/uploads\/2024\/10\/siamo-aperti-4-1024x1024.jpg\" alt=\"\" class=\"wp-image-448\" style=\"width:965px;height:auto\" srcset=\"https:\/\/www.imperobeauty.it\/it\/wp-content\/uploads\/2024\/10\/siamo-aperti-4-1024x1024.jpg 1024w, https:\/\/www.imperobeauty.it\/it\/wp-content\/uploads\/2024\/10\/siamo-aperti-4-300x300.jpg 300w, https:\/\/www.imperobeauty.it\/it\/wp-content\/uploads\/2024\/10\/siamo-aperti-4-150x150.jpg 150w, https:\/\/www.imperobeauty.it\/it\/wp-content\/uploads\/2024\/10\/siamo-aperti-4-768x768.jpg 768w, https:\/\/www.imperobeauty.it\/it\/wp-content\/uploads\/2024\/10\/siamo-aperti-4-600x600.jpg 600w, https:\/\/www.imperobeauty.it\/it\/wp-content\/uploads\/2024\/10\/siamo-aperti-4-100x100.jpg 100w, https:\/\/www.imperobeauty.it\/it\/wp-content\/uploads\/2024\/10\/siamo-aperti-4.jpg 1080w\" sizes=\"auto, (max-width: 1024px) 100vw, 1024px\" \/><\/figure>\n\n\n\n<figure class=\"wp-block-image size-large is-resized\"><img loading=\"lazy\" decoding=\"async\" width=\"724\" height=\"1024\" src=\"https:\/\/www.imperobeauty.it\/it\/wp-content\/uploads\/2024\/10\/Impero-locandina-lancio-4-724x1024.jpg\" alt=\"\" class=\"wp-image-450\" style=\"width:954px;height:auto\" srcset=\"https:\/\/www.imperobeauty.it\/it\/wp-content\/uploads\/2024\/10\/Impero-locandina-lancio-4-724x1024.jpg 724w, https:\/\/www.imperobeauty.it\/it\/wp-content\/uploads\/2024\/10\/Impero-locandina-lancio-4-212x300.jpg 212w, https:\/\/www.imperobeauty.it\/it\/wp-content\/uploads\/2024\/10\/Impero-locandina-lancio-4-768x1086.jpg 768w, https:\/\/www.imperobeauty.it\/it\/wp-content\/uploads\/2024\/10\/Impero-locandina-lancio-4-1086x1536.jpg 1086w, https:\/\/www.imperobeauty.it\/it\/wp-content\/uploads\/2024\/10\/Impero-locandina-lancio-4-1320x1867.jpg 1320w, https:\/\/www.imperobeauty.it\/it\/wp-content\/uploads\/2024\/10\/Impero-locandina-lancio-4-600x849.jpg 600w, https:\/\/www.imperobeauty.it\/it\/wp-content\/uploads\/2024\/10\/Impero-locandina-lancio-4.jpg 1414w\" sizes=\"auto, (max-width: 724px) 100vw, 724px\" \/><\/figure>\n\n\n\n<p>Benvenuti nella pagina dedicata alla Newsletter di <strong>Impero<\/strong> cosmetics &amp; food supplements.<\/p>\n\n\n\n<p>Con la tua iscrizione potrai usufruire di particolari sconti a te riservarti, ti verr\u00e0 comunicato tempestivamente ogni nuovo articolo che andremo ad inserire nel nostro negozio e avrai la possibilit\u00e0 di consultare tutte le newsletter che abbiamo pubblicato nei mesi precedenti.<\/p>\n\n\n\n<p>Troverai approfondimenti che ti spiegano come sono composti i nostri prodotti: dalle sostanze funzionali, ai principi attivi, dai conservanti alle materie prime che donano struttura, il tutto per garantire la pi\u00f9 completa trasparenza e consapevolezza della qualit\u00e0 di ci\u00f2 che andrai ad acquistare.<\/p>\n\n\n  \n  \n  <div class=\"\n    mailpoet_form_popup_overlay\n      \"><\/div>\n  <div\n    id=\"mailpoet_form_2\"\n    class=\"\n      mailpoet_form\n      mailpoet_form_html\n      mailpoet_form_position_\n      mailpoet_form_animation_\n    \"\n      >\n\n    <style type=\"text\/css\">\n     #mailpoet_form_2 form.mailpoet_form { margin-bottom: 0; }\r\n#mailpoet_form_2 p.mailpoet_form_paragraph.last { margin-bottom: 0px; }\r\n#mailpoet_form_2 h1.mailpoet-heading { margin: 0 0 10px; }\r\n#mailpoet_form_2 .mailpoet_column_with_background { padding: 10px; }\r\n#mailpoet_form_2 .mailpoet_form_column:not(:first-child) { margin-left: 20px; }\r\n#mailpoet_form_2 .mailpoet_paragraph { line-height: 20px; margin-bottom: 20px; }\r\n#mailpoet_form_2 .mailpoet_segment_label, #mailpoet_form_2 .mailpoet_text_label, #mailpoet_form_2 .mailpoet_textarea_label, #mailpoet_form_2 .mailpoet_select_label, #mailpoet_form_2 .mailpoet_radio_label, #mailpoet_form_2 .mailpoet_checkbox_label, #mailpoet_form_2 .mailpoet_list_label, #mailpoet_form_2 .mailpoet_date_label { display: block; font-weight: normal; }\r\n#mailpoet_form_2 .mailpoet_text, #mailpoet_form_2 .mailpoet_textarea, #mailpoet_form_2 .mailpoet_select, #mailpoet_form_2 .mailpoet_date_month, #mailpoet_form_2 .mailpoet_date_day, #mailpoet_form_2 .mailpoet_date_year, #mailpoet_form_2 .mailpoet_date { display: block; }\r\n#mailpoet_form_2 .mailpoet_text, #mailpoet_form_2 .mailpoet_textarea { width: 200px; }\r\n#mailpoet_form_2 .mailpoet_checkbox {  }\r\n#mailpoet_form_2 .mailpoet_submit {  }\r\n#mailpoet_form_2 .mailpoet_divider {  }\r\n#mailpoet_form_2 .mailpoet_message {  }\r\n#mailpoet_form_2 .mailpoet_form_loading { width: 30px; text-align: center; line-height: normal; }\r\n#mailpoet_form_2 .mailpoet_form_loading > span { width: 5px; height: 5px; background-color: #5b5b5b; }#mailpoet_form_2{border: 10px solid #f7f7f7;border-radius: 15px;background: #ffffff;color: #313131;text-align: left;}#mailpoet_form_2 form.mailpoet_form {padding: 10px;}#mailpoet_form_2{width: 100%;}#mailpoet_form_2 .mailpoet_message {margin: 0; padding: 0 20px;}\n        #mailpoet_form_2 .mailpoet_validate_success {color: #00d084}\n        #mailpoet_form_2 input.parsley-success {color: #00d084}\n        #mailpoet_form_2 select.parsley-success {color: #00d084}\n        #mailpoet_form_2 textarea.parsley-success {color: #00d084}\n      \n        #mailpoet_form_2 .mailpoet_validate_error {color: #cf2e2e}\n        #mailpoet_form_2 input.parsley-error {color: #cf2e2e}\n        #mailpoet_form_2 select.parsley-error {color: #cf2e2e}\n        #mailpoet_form_2 textarea.textarea.parsley-error {color: #cf2e2e}\n        #mailpoet_form_2 .parsley-errors-list {color: #cf2e2e}\n        #mailpoet_form_2 .parsley-required {color: #cf2e2e}\n        #mailpoet_form_2 .parsley-custom-error-message {color: #cf2e2e}\n      #mailpoet_form_2 .mailpoet_paragraph.last {margin-bottom: 0} @media (max-width: 500px) {#mailpoet_form_2 {background: #ffffff;}} @media (min-width: 500px) {#mailpoet_form_2 .last .mailpoet_paragraph:last-child {margin-bottom: 0}}  @media (max-width: 500px) {#mailpoet_form_2 .mailpoet_form_column:last-child .mailpoet_paragraph:last-child {margin-bottom: 0}} \n    <\/style>\n\n    <form\n      target=\"_self\"\n      method=\"post\"\n      action=\"https:\/\/www.imperobeauty.it\/it\/wp-admin\/admin-post.php?action=mailpoet_subscription_form\"\n      class=\"mailpoet_form mailpoet_form_form mailpoet_form_html\"\n      novalidate\n      data-delay=\"\"\n      data-exit-intent-enabled=\"\"\n      data-font-family=\"\"\n      data-cookie-expiration-time=\"\"\n    >\n      <input type=\"hidden\" name=\"data[form_id]\" value=\"2\" \/>\n      <input type=\"hidden\" name=\"token\" value=\"92035bc2a0\" \/>\n      <input type=\"hidden\" name=\"api_version\" value=\"v1\" \/>\n      <input type=\"hidden\" name=\"endpoint\" value=\"subscribers\" \/>\n      <input type=\"hidden\" name=\"mailpoet_method\" value=\"subscribe\" \/>\n\n      <label class=\"mailpoet_hp_email_label\" style=\"display: none !important;\">Lascia questo campo vuoto<input type=\"email\" name=\"data[email]\"\/><\/label><h1 class=\"mailpoet-heading \" style=\"text-align: center; color: #313131; line-height: 1.2\"><span style=\"font-family: BioRhyme\" data-font=\"BioRhyme\" class=\"mailpoet-has-font\">Iscriversi \u00e8 facile<\/span><\/h1>\r\n<h3 class=\"mailpoet-heading \" style=\"text-align: center; color: #313131; line-height: 1.2\"><span style=\"font-family: BioRhyme\" data-font=\"BioRhyme\" class=\"mailpoet-has-font\">\u00e8 sufficiente che ci lasci la tua mail !<\/span><\/h3>\r\n<div class='mailpoet_form_columns_container'><div class=\"mailpoet_form_columns mailpoet_paragraph mailpoet_stack_on_mobile\"><div class=\"mailpoet_form_column\" style=\"flex-basis:10%;\"><\/div>\r\n<div class=\"mailpoet_form_column\" style=\"flex-basis:40%;\"><div class=\"mailpoet_paragraph \"><style>input[name=\"data[form_field_YmY0MjUyMGY4N2RlX2VtYWls]\"]::placeholder{color:#abb8c3;opacity: 1;}<\/style><input type=\"email\" autocomplete=\"email\" class=\"mailpoet_text\" id=\"form_email_2\" name=\"data[form_field_YmY0MjUyMGY4N2RlX2VtYWls]\" title=\"Indirizzo email\" value=\"\" style=\"width:100%;box-sizing:border-box;background-color:#eeeeee;border-style:solid;border-radius:8px !important;border-width:0px;border-color:#313131;padding:16px;margin: 0 auto 0 0;font-family:&#039;Montserrat&#039;;font-size:20px;line-height:1.5;height:auto;color:#abb8c3;\" data-automation-id=\"form_email\"  placeholder=\"Indirizzo email *\" aria-label=\"Indirizzo email *\" data-parsley-errors-container=\".mailpoet_error_12qzf\" data-parsley-required=\"true\" required aria-required=\"true\" data-parsley-minlength=\"6\" data-parsley-maxlength=\"150\" data-parsley-type-message=\"Questo valore dovrebbe essere un indirizzo email valido.\" data-parsley-required-message=\"Questo campo \u00e8 obbligatorio.\"\/><span class=\"mailpoet_error_12qzf\"><\/span><\/div>\r\n<\/div>\r\n<div class=\"mailpoet_form_column\" style=\"flex-basis:40%;\"><div class=\"mailpoet_paragraph \"><input type=\"submit\" class=\"mailpoet_submit\" value=\"ISCRIVITI\" data-automation-id=\"subscribe-submit-button\" data-font-family='Montserrat' style=\"width:100%;box-sizing:border-box;background-color:#000000;border-style:solid;border-radius:8px !important;border-width:0px;padding:16px;margin: 0 auto 0 0;font-family:&#039;Montserrat&#039;;font-size:20px;line-height:1.5;height:auto;color:#ffd456;border-color:transparent;font-weight:bold;\" \/><span class=\"mailpoet_form_loading\"><span class=\"mailpoet_bounce1\"><\/span><span class=\"mailpoet_bounce2\"><\/span><span class=\"mailpoet_bounce3\"><\/span><\/span><\/div>\r\n<\/div>\r\n<div class=\"mailpoet_form_column\" style=\"flex-basis:10%;\"><\/div>\r\n<\/div><\/div>\r\n<p class=\"mailpoet_form_paragraph  mailpoet-has-font-size\" style=\"text-align: center; font-size: 13px; line-height: 1.5\"><em><span style=\"font-family: Montserrat\" data-font=\"Montserrat\" class=\"mailpoet-has-font\">Non inviamo spam! Puoi saperne di pi\u00f9 leggendo la nostra <a target=\"_blank\" href=\"https:\/\/www.imperobeauty.it\/it\/privacy-policy\/\">Informativa sulla privacy<\/a><\/span><\/em><\/p>\r\n\n      <div class=\"mailpoet_message\">\n        <p class=\"mailpoet_validate_success\"\n                style=\"display:none;\"\n                >Controlla la tua casella di posta o la cartella spam per confermare la tua iscrizione\n        <\/p>\n        <p class=\"mailpoet_validate_error\"\n                style=\"display:none;\"\n                >        <\/p>\n      <\/div>\n    <\/form>\n\n      <\/div>\n\n  \n\n\n<p><\/p>\n","protected":false},"excerpt":{"rendered":"<p>Benvenuti nella pagina dedicata alla Newsletter di Impero cosmetics &amp; food supplements. Con la tua iscrizione potrai usufruire di particolari sconti a te riservarti, ti verr\u00e0 comunicato tempestivamente ogni nuovo articolo che andremo ad inserire nel nostro negozio e avrai la possibilit\u00e0 di consultare tutte le newsletter che abbiamo pubblicato nei mesi precedenti. Troverai approfondimenti&#8230;<\/p>\n","protected":false},"author":1,"featured_media":0,"parent":0,"menu_order":0,"comment_status":"closed","ping_status":"closed","template":"","meta":{"_kad_post_transparent":"","_kad_post_title":"","_kad_post_layout":"","_kad_post_sidebar_id":"","_kad_post_content_style":"","_kad_post_vertical_padding":"","_kad_post_feature":"","_kad_post_feature_position":"","_kad_post_header":false,"_kad_post_footer":false,"_kad_post_classname":"","footnotes":""},"class_list":["post-61","page","type-page","status-publish","hentry"],"_links":{"self":[{"href":"https:\/\/www.imperobeauty.it\/it\/wp-json\/wp\/v2\/pages\/61","targetHints":{"allow":["GET"]}}],"collection":[{"href":"https:\/\/www.imperobeauty.it\/it\/wp-json\/wp\/v2\/pages"}],"about":[{"href":"https:\/\/www.imperobeauty.it\/it\/wp-json\/wp\/v2\/types\/page"}],"author":[{"embeddable":true,"href":"https:\/\/www.imperobeauty.it\/it\/wp-json\/wp\/v2\/users\/1"}],"replies":[{"embeddable":true,"href":"https:\/\/www.imperobeauty.it\/it\/wp-json\/wp\/v2\/comments?post=61"}],"version-history":[{"count":15,"href":"https:\/\/www.imperobeauty.it\/it\/wp-json\/wp\/v2\/pages\/61\/revisions"}],"predecessor-version":[{"id":571,"href":"https:\/\/www.imperobeauty.it\/it\/wp-json\/wp\/v2\/pages\/61\/revisions\/571"}],"wp:attachment":[{"href":"https:\/\/www.imperobeauty.it\/it\/wp-json\/wp\/v2\/media?parent=61"}],"curies":[{"name":"wp","href":"https:\/\/api.w.org\/{rel}","templated":true}]}}