{"id":179,"date":"2024-03-22T13:47:31","date_gmt":"2024-03-22T12:47:31","guid":{"rendered":"https:\/\/www.imperobeauty.it\/it\/?post_type=product&#038;p=179"},"modified":"2024-05-30T18:01:16","modified_gmt":"2024-05-30T16:01:16","slug":"crema-scrub-armonia-di-mandorla","status":"publish","type":"product","link":"https:\/\/www.imperobeauty.it\/it\/prodotto\/crema-scrub-armonia-di-mandorla\/","title":{"rendered":"CREMA SCRUB ARMONIA DI MANDORLA"},"content":{"rendered":"<p>Crema scrub delicata per viso e corpo, formulata con principi attivi di origine naturale. Rispetta il film idrolipidico cutaneo e il pH fisiologico della pelle. Grazie all&#8217;azione dei granuli di nocciolo e dell\u2019olio di mandorle in esso contenuto, consente una corretta esfoliazione e rigenerazione cutanea donando luminosit\u00e0 alla pelle; \u00e8 indicato per tutti i tipi di pelle.<br \/>\nE&#8217; una crema scrub dalla texture decisa ma allo stesso tempo delicata sulla pelle, in grado di promuovere un esfoliazione profonda garantendo il giusto ricambio cellulare cosi da donare alla pelle un aspetto pi\u00f9 sano e luminoso. A rendere questo prodotto ancora pi\u00f9 gradevole per la nostra beauty routine \u00e8 la profumazione del tutto naturale e priva di allergeni con note fiorite di rosa, orchidea e iris.<\/p>\n","protected":false},"excerpt":{"rendered":"<p>Esfoliante delicato per viso e corpo.<\/p>\n","protected":false},"featured_media":356,"comment_status":"closed","ping_status":"closed","template":"","meta":{"_kad_post_transparent":"default","_kad_post_title":"","_kad_post_layout":"default","_kad_post_sidebar_id":"","_kad_post_content_style":"default","_kad_post_vertical_padding":"default","_kad_post_feature":"","_kad_post_feature_position":"","_kad_post_header":false,"_kad_post_footer":false,"_kad_post_classname":""},"product_brand":[],"product_cat":[34],"product_tag":[],"class_list":{"0":"post-179","1":"product","2":"type-product","3":"status-publish","4":"has-post-thumbnail","6":"product_cat-detergenza","8":"first","9":"instock","10":"shipping-taxable","11":"purchasable","12":"product-type-simple","13":"entry","14":"content-bg","15":"loop-entry"},"_links":{"self":[{"href":"https:\/\/www.imperobeauty.it\/it\/wp-json\/wp\/v2\/product\/179","targetHints":{"allow":["GET"]}}],"collection":[{"href":"https:\/\/www.imperobeauty.it\/it\/wp-json\/wp\/v2\/product"}],"about":[{"href":"https:\/\/www.imperobeauty.it\/it\/wp-json\/wp\/v2\/types\/product"}],"replies":[{"embeddable":true,"href":"https:\/\/www.imperobeauty.it\/it\/wp-json\/wp\/v2\/comments?post=179"}],"wp:featuredmedia":[{"embeddable":true,"href":"https:\/\/www.imperobeauty.it\/it\/wp-json\/wp\/v2\/media\/356"}],"wp:attachment":[{"href":"https:\/\/www.imperobeauty.it\/it\/wp-json\/wp\/v2\/media?parent=179"}],"wp:term":[{"taxonomy":"product_brand","embeddable":true,"href":"https:\/\/www.imperobeauty.it\/it\/wp-json\/wp\/v2\/product_brand?post=179"},{"taxonomy":"product_cat","embeddable":true,"href":"https:\/\/www.imperobeauty.it\/it\/wp-json\/wp\/v2\/product_cat?post=179"},{"taxonomy":"product_tag","embeddable":true,"href":"https:\/\/www.imperobeauty.it\/it\/wp-json\/wp\/v2\/product_tag?post=179"}],"curies":[{"name":"wp","href":"https:\/\/api.w.org\/{rel}","templated":true}]}}