{"id":180,"date":"2024-03-22T13:54:41","date_gmt":"2024-03-22T12:54:41","guid":{"rendered":"https:\/\/www.imperobeauty.it\/it\/?post_type=product&#038;p=180"},"modified":"2024-05-30T17:23:25","modified_gmt":"2024-05-30T15:23:25","slug":"latte-detergente-delicato-e-nutriente","status":"publish","type":"product","link":"https:\/\/www.imperobeauty.it\/it\/prodotto\/latte-detergente-delicato-e-nutriente\/","title":{"rendered":"LATTE DETERGENTE DELICATO E NUTRIENTE"},"content":{"rendered":"<p>Latte detergente delicato per il viso formulato con principi attivi di origine naturale. Rispetta il film idrolipidico cutaneo e il pH fisiologico della pelle idratandola in profondit\u00e0 e mantenendo il suo equilibrio.<br \/>\nSi tratta di un latte detergente dalla texture cremosa con ingredienti dalle propriet\u00e0 lenitive, idratanti e nutrienti. In particolare la presenza di aloe ricco di amminoacidi e minerali rimuove le impurit\u00e0, mentre gli oli di mandorla e di germe di grano ricchi di vitamine nutrono e idratano la cute in profondit\u00e0. Si tratta di un prodotto ideale per la detersione quotidiana del viso e la sua azione delicata \u00e8 amplificata inoltre da una profumazione priva di allergeni caratterizzata da note d\u2019acqua e fruttate.<\/p>\n","protected":false},"excerpt":{"rendered":"<p>Latte detergente delicato per la detersione quotidiana del viso.<\/p>\n","protected":false},"featured_media":352,"comment_status":"closed","ping_status":"closed","template":"","meta":{"_kad_post_transparent":"default","_kad_post_title":"","_kad_post_layout":"default","_kad_post_sidebar_id":"","_kad_post_content_style":"default","_kad_post_vertical_padding":"default","_kad_post_feature":"","_kad_post_feature_position":"","_kad_post_header":false,"_kad_post_footer":false,"_kad_post_classname":""},"product_brand":[],"product_cat":[34],"product_tag":[],"class_list":{"0":"post-180","1":"product","2":"type-product","3":"status-publish","4":"has-post-thumbnail","6":"product_cat-detergenza","8":"first","9":"instock","10":"shipping-taxable","11":"purchasable","12":"product-type-simple","13":"entry","14":"content-bg","15":"loop-entry"},"_links":{"self":[{"href":"https:\/\/www.imperobeauty.it\/it\/wp-json\/wp\/v2\/product\/180","targetHints":{"allow":["GET"]}}],"collection":[{"href":"https:\/\/www.imperobeauty.it\/it\/wp-json\/wp\/v2\/product"}],"about":[{"href":"https:\/\/www.imperobeauty.it\/it\/wp-json\/wp\/v2\/types\/product"}],"replies":[{"embeddable":true,"href":"https:\/\/www.imperobeauty.it\/it\/wp-json\/wp\/v2\/comments?post=180"}],"wp:featuredmedia":[{"embeddable":true,"href":"https:\/\/www.imperobeauty.it\/it\/wp-json\/wp\/v2\/media\/352"}],"wp:attachment":[{"href":"https:\/\/www.imperobeauty.it\/it\/wp-json\/wp\/v2\/media?parent=180"}],"wp:term":[{"taxonomy":"product_brand","embeddable":true,"href":"https:\/\/www.imperobeauty.it\/it\/wp-json\/wp\/v2\/product_brand?post=180"},{"taxonomy":"product_cat","embeddable":true,"href":"https:\/\/www.imperobeauty.it\/it\/wp-json\/wp\/v2\/product_cat?post=180"},{"taxonomy":"product_tag","embeddable":true,"href":"https:\/\/www.imperobeauty.it\/it\/wp-json\/wp\/v2\/product_tag?post=180"}],"curies":[{"name":"wp","href":"https:\/\/api.w.org\/{rel}","templated":true}]}}