{"id":493,"date":"2024-12-13T11:35:58","date_gmt":"2024-12-13T10:35:58","guid":{"rendered":"https:\/\/www.imperobeauty.it\/it\/?post_type=product&#038;p=493"},"modified":"2025-02-04T11:13:32","modified_gmt":"2025-02-04T10:13:32","slug":"dermal-beautyhair-capelli-e-unghie","status":"publish","type":"product","link":"https:\/\/www.imperobeauty.it\/it\/prodotto\/dermal-beautyhair-capelli-e-unghie\/","title":{"rendered":"DERMAL beautyhair  CAPELLI E UNGHIE"},"content":{"rendered":"<p>Alcuni periodi dell\u2019anno come i cambi di stagione oppure situazioni di stress o di stanchezza possono portare ad un indebolimento della struttura di capelli e unghie che pu\u00f2 determinare una maggiore fragilit\u00e0 causando una perdita di luminosit\u00e0, una maggiore secchezza e la tendenza a spezzarsi. Questo integratore \u00e8 stato formulato con ingredienti selezionati che rappresentano costituenti stessi dei nostri capelli e delle nostre unghie, in grado di apportare nutrienti e sostenerne la struttura e l\u2019integrit\u00e0.<\/p>\n<p>L\u2019acetilcisteina \u00e8 un derivato amminoacidico con un elevato potere antiossidante ed un ruolo attivo nel contrastare la caduta del capelli.<\/p>\n<p>Zinco e metionina sono fondamentali per mantenere la salute dei capelli; lo zinco favorisce la sintesi di proteine specifiche del capello e mantiene l\u2019integrit\u00e0 delle unghie, mentre la metionina \u00e8 un un costituente stesso della cheratina.<\/p>\n<p>Il miglio contiene proteine con amminoacidi che sono componenti essenziali della cheratina che \u00e8 il costituente fondamentale della struttura di unghie e capelli.<\/p>\n<p>L\u2019Undaria,\u00a0 l\u2019enothera e l\u2019equiseto sono attivi vegetali che grazie alla loro composizione amminoacidica sostengono la struttura e l\u2019integrit\u00e0 di capelli e unghie e ne prevengono la caduta e la rottura.<\/p>\n<p>La vitamina B6 \u00e8 coinvolta nella sintesi di cisteina, un amminoacido importante nel mantenimento della struttura della cheratina. La biotina rafforza la struttura e preserva l\u2019integrit\u00e0 di unghie e capelli.<\/p>\n","protected":false},"excerpt":{"rendered":"<p>Integratore alimentare a base di acetilcisteina, metionina , zinco e vitamine che agiscono in sinergia per mantenere la struttura e l\u2019integrit\u00e0 di unghie e capelli. E\u2019 un prodotto arricchito con estratti vegetali di miglio, undaria ed enothera che contribuiscono al benessere di capelli e unghie.<\/p>\n","protected":false},"featured_media":494,"comment_status":"closed","ping_status":"closed","template":"","meta":{"_kad_post_transparent":"default","_kad_post_title":"","_kad_post_layout":"default","_kad_post_sidebar_id":"","_kad_post_content_style":"default","_kad_post_vertical_padding":"default","_kad_post_feature":"","_kad_post_feature_position":"","_kad_post_header":false,"_kad_post_footer":false,"_kad_post_classname":""},"product_brand":[],"product_cat":[38],"product_tag":[],"class_list":{"0":"post-493","1":"product","2":"type-product","3":"status-publish","4":"has-post-thumbnail","6":"product_cat-linea-dermal","8":"first","9":"instock","10":"shipping-taxable","11":"purchasable","12":"product-type-simple","13":"entry","14":"content-bg","15":"loop-entry"},"_links":{"self":[{"href":"https:\/\/www.imperobeauty.it\/it\/wp-json\/wp\/v2\/product\/493","targetHints":{"allow":["GET"]}}],"collection":[{"href":"https:\/\/www.imperobeauty.it\/it\/wp-json\/wp\/v2\/product"}],"about":[{"href":"https:\/\/www.imperobeauty.it\/it\/wp-json\/wp\/v2\/types\/product"}],"replies":[{"embeddable":true,"href":"https:\/\/www.imperobeauty.it\/it\/wp-json\/wp\/v2\/comments?post=493"}],"wp:featuredmedia":[{"embeddable":true,"href":"https:\/\/www.imperobeauty.it\/it\/wp-json\/wp\/v2\/media\/494"}],"wp:attachment":[{"href":"https:\/\/www.imperobeauty.it\/it\/wp-json\/wp\/v2\/media?parent=493"}],"wp:term":[{"taxonomy":"product_brand","embeddable":true,"href":"https:\/\/www.imperobeauty.it\/it\/wp-json\/wp\/v2\/product_brand?post=493"},{"taxonomy":"product_cat","embeddable":true,"href":"https:\/\/www.imperobeauty.it\/it\/wp-json\/wp\/v2\/product_cat?post=493"},{"taxonomy":"product_tag","embeddable":true,"href":"https:\/\/www.imperobeauty.it\/it\/wp-json\/wp\/v2\/product_tag?post=493"}],"curies":[{"name":"wp","href":"https:\/\/api.w.org\/{rel}","templated":true}]}}