{"id":503,"date":"2024-12-19T15:44:05","date_gmt":"2024-12-19T14:44:05","guid":{"rendered":"https:\/\/www.imperobeauty.it\/it\/?post_type=product&#038;p=503"},"modified":"2025-02-04T11:12:55","modified_gmt":"2025-02-04T10:12:55","slug":"dermal-biotics-healthy-skin","status":"publish","type":"product","link":"https:\/\/www.imperobeauty.it\/it\/prodotto\/dermal-biotics-healthy-skin\/","title":{"rendered":"DERMAL BIOTICS Healthy Skin"},"content":{"rendered":"<p>La pelle rappresenta l\u2019organo pi\u00f9 esteso di tutto il corpo umano e come tale \u00e8 anche quello pi\u00f9 esposto a fattori\u00a0 di sollecitazione di tipo ambientale come inquinamento ed esposizione solare, ma anche a fattori interni che dipendono dall\u2019equilibrio della nostra flora intestinale; \u00e8 stato infatti visto come microrganismi che popolano il nostro intestino possono modulare positivamente il microbiota cutaneo prevenendo alterazioni quali la comparsa di acne, la produzione eccessiva di sebo, infiammazioni ed infezioni. Questo integratore \u00e8 stato formulato appositamente con fermenti lattici vivi, acido ialuronico e vitamine del gruppo B per mantenere l\u2019integrit\u00e0 della barriera cutanea favorendo l\u2019aspetto sano e luminoso della pelle.<\/p>\n<p><em>L. paracasei e L.plantarum <\/em>sono probiotici che regolano la risposta immunitaria e infiammatoria delle pelle, supportano la funzionalit\u00e0 della barriera cutanea, mitigano gli effetti dei raggi UV, sostengono il rinnovamento cellulare e aiutano a contrastare l\u2019acne e la dermatite atopica.<\/p>\n<p>L\u2019acido ialuronico penetra in profondit\u00e0 nella cute determinandone un\u2019idratazione profonda<\/p>\n<p>La rosa canina ricca in vitamina C ha un ruolo fortemente antiossidante e aiuta a contrastare la formazione di radicali liberi coinvolti nell\u2019invecchiamento cellulare.<\/p>\n<p>Le vitamine del gruppo B e in particolare la nicotinammide e la vitamina B5 hanno propriet\u00e0 elasticizzanti.<\/p>\n<p>La biotina e lo zinco supportano la rigenerazione cellulare, riducendo l\u2019infiammazione e l\u2019insorgenza di acne e dermatiti.<\/p>\n","protected":false},"excerpt":{"rendered":"<p>Integratore alimentare a base di probiotici, in particolare fermenti lattici vivi che agiscono da modulatori positivi dell\u2019asse intestino-pelle determinando un un effetto sebo regolatore e riducendo l\u2019insorgenza di acne. L\u2019acido ialuronico presenta propriet\u00e0 idratanti che unite agli effetti antiossidanti della rosa canina e alle propriet\u00e0 elasticizzanti delle vitamine del gruppo B mantengono la pelle sana e luminosa.<\/p>\n","protected":false},"featured_media":504,"comment_status":"closed","ping_status":"closed","template":"","meta":{"_kad_post_transparent":"default","_kad_post_title":"","_kad_post_layout":"default","_kad_post_sidebar_id":"","_kad_post_content_style":"default","_kad_post_vertical_padding":"default","_kad_post_feature":"","_kad_post_feature_position":"","_kad_post_header":false,"_kad_post_footer":false,"_kad_post_classname":""},"product_brand":[],"product_cat":[38],"product_tag":[],"class_list":{"0":"post-503","1":"product","2":"type-product","3":"status-publish","4":"has-post-thumbnail","6":"product_cat-linea-dermal","8":"first","9":"instock","10":"shipping-taxable","11":"purchasable","12":"product-type-simple","13":"entry","14":"content-bg","15":"loop-entry"},"_links":{"self":[{"href":"https:\/\/www.imperobeauty.it\/it\/wp-json\/wp\/v2\/product\/503","targetHints":{"allow":["GET"]}}],"collection":[{"href":"https:\/\/www.imperobeauty.it\/it\/wp-json\/wp\/v2\/product"}],"about":[{"href":"https:\/\/www.imperobeauty.it\/it\/wp-json\/wp\/v2\/types\/product"}],"replies":[{"embeddable":true,"href":"https:\/\/www.imperobeauty.it\/it\/wp-json\/wp\/v2\/comments?post=503"}],"wp:featuredmedia":[{"embeddable":true,"href":"https:\/\/www.imperobeauty.it\/it\/wp-json\/wp\/v2\/media\/504"}],"wp:attachment":[{"href":"https:\/\/www.imperobeauty.it\/it\/wp-json\/wp\/v2\/media?parent=503"}],"wp:term":[{"taxonomy":"product_brand","embeddable":true,"href":"https:\/\/www.imperobeauty.it\/it\/wp-json\/wp\/v2\/product_brand?post=503"},{"taxonomy":"product_cat","embeddable":true,"href":"https:\/\/www.imperobeauty.it\/it\/wp-json\/wp\/v2\/product_cat?post=503"},{"taxonomy":"product_tag","embeddable":true,"href":"https:\/\/www.imperobeauty.it\/it\/wp-json\/wp\/v2\/product_tag?post=503"}],"curies":[{"name":"wp","href":"https:\/\/api.w.org\/{rel}","templated":true}]}}